{"id":2038,"date":"2021-05-07T13:26:43","date_gmt":"2021-05-07T13:26:43","guid":{"rendered":"https:\/\/give1project.net\/?page_id=2038"},"modified":"2025-04-30T15:52:14","modified_gmt":"2025-04-30T15:52:14","slug":"g1p-digital-skills-academy","status":"publish","type":"page","link":"https:\/\/give1project.net\/fr\/g1p-digital-skills-academy\/","title":{"rendered":"Acad\u00e9mie des comp\u00e9tences num\u00e9riques G1P"},"content":{"rendered":"","protected":false},"excerpt":{"rendered":"","protected":false},"author":1,"featured_media":0,"parent":0,"menu_order":0,"comment_status":"closed","ping_status":"closed","template":"","meta":{"give_campaign_id":0,"footnotes":""},"class_list":["post-2038","page","type-page","status-publish","hentry"],"campaignId":"","_links":{"self":[{"href":"https:\/\/give1project.net\/fr\/wp-json\/wp\/v2\/pages\/2038","targetHints":{"allow":["GET"]}}],"collection":[{"href":"https:\/\/give1project.net\/fr\/wp-json\/wp\/v2\/pages"}],"about":[{"href":"https:\/\/give1project.net\/fr\/wp-json\/wp\/v2\/types\/page"}],"author":[{"embeddable":true,"href":"https:\/\/give1project.net\/fr\/wp-json\/wp\/v2\/users\/1"}],"replies":[{"embeddable":true,"href":"https:\/\/give1project.net\/fr\/wp-json\/wp\/v2\/comments?post=2038"}],"version-history":[{"count":1,"href":"https:\/\/give1project.net\/fr\/wp-json\/wp\/v2\/pages\/2038\/revisions"}],"predecessor-version":[{"id":4028,"href":"https:\/\/give1project.net\/fr\/wp-json\/wp\/v2\/pages\/2038\/revisions\/4028"}],"wp:attachment":[{"href":"https:\/\/give1project.net\/fr\/wp-json\/wp\/v2\/media?parent=2038"}],"curies":[{"name":"wp","href":"https:\/\/api.w.org\/{rel}","templated":true}]}}