{"id":253,"date":"2019-06-03T22:33:47","date_gmt":"2019-06-03T22:33:47","guid":{"rendered":"https:\/\/give1project.net\/donation-failed\/"},"modified":"2019-06-03T22:33:47","modified_gmt":"2019-06-03T22:33:47","slug":"donation-failed","status":"publish","type":"page","link":"https:\/\/give1project.net\/fr\/donation-failed\/","title":{"rendered":"\u00c9chec du don"},"content":{"rendered":"<p>Nous sommes d\u00e9sol\u00e9s, votre don n&#039;a pas pu \u00eatre trait\u00e9. Veuillez r\u00e9essayer ou contacter l&#039;assistance du site.<\/p>","protected":false},"excerpt":{"rendered":"<p>Nous sommes d\u00e9sol\u00e9s, votre don n&#039;a pas pu \u00eatre trait\u00e9. Veuillez r\u00e9essayer ou contacter l&#039;assistance du site.<\/p>","protected":false},"author":1,"featured_media":0,"parent":0,"menu_order":0,"comment_status":"closed","ping_status":"closed","template":"","meta":{"give_campaign_id":0,"footnotes":""},"class_list":["post-253","page","type-page","status-publish","hentry"],"campaignId":"","_links":{"self":[{"href":"https:\/\/give1project.net\/fr\/wp-json\/wp\/v2\/pages\/253","targetHints":{"allow":["GET"]}}],"collection":[{"href":"https:\/\/give1project.net\/fr\/wp-json\/wp\/v2\/pages"}],"about":[{"href":"https:\/\/give1project.net\/fr\/wp-json\/wp\/v2\/types\/page"}],"author":[{"embeddable":true,"href":"https:\/\/give1project.net\/fr\/wp-json\/wp\/v2\/users\/1"}],"replies":[{"embeddable":true,"href":"https:\/\/give1project.net\/fr\/wp-json\/wp\/v2\/comments?post=253"}],"version-history":[{"count":0,"href":"https:\/\/give1project.net\/fr\/wp-json\/wp\/v2\/pages\/253\/revisions"}],"wp:attachment":[{"href":"https:\/\/give1project.net\/fr\/wp-json\/wp\/v2\/media?parent=253"}],"curies":[{"name":"wp","href":"https:\/\/api.w.org\/{rel}","templated":true}]}}