{"id":254,"date":"2019-06-03T22:33:47","date_gmt":"2019-06-03T22:33:47","guid":{"rendered":"https:\/\/give1project.net\/donation-history\/"},"modified":"2019-06-03T22:33:47","modified_gmt":"2019-06-03T22:33:47","slug":"donation-history","status":"publish","type":"page","link":"https:\/\/give1project.net\/fr\/donation-history\/","title":{"rendered":"Historique des dons"},"content":{"rendered":"<div class=\"give-form\">\n\t\t<form method=\"post\" id=\"give-email-access-form\" action=\"\">\n\t\t\t<p>\n\t\t\t\tVeuillez v\u00e9rifier votre e-mail pour acc\u00e9der \u00e0 votre don de l&#039;histoire.\t\t\t<\/p>\n\n\t\t\t<label for=\"give-email\">Don E-Mail:<\/label>\n\t\t\t<input id=\"give-email\" type=\"email\" name=\"give_email\" value=\"\"\n\t\t\t\t\tplaceholder=\"Adresse Email\"\/>\n\t\t\t<input type=\"hidden\" name=\"_wpnonce\" value=\"b1d8a52c2a\"\/>\n\t\t\t<input type=\"hidden\" name=\"give_action\" value=\"email_access_form_login\"\/>\n\t\t\t<input type=\"hidden\" name=\"give_access_page\" value=\"254\"\/>\n\n\t\t\t\n\t\t\t<input type=\"submit\" class=\"give-submit\" value=\"De V\u00e9rifier E-Mail\"\/>\n\t\t<input type=\"hidden\" name=\"trp-form-language\" value=\"fr\"\/><\/form>\n\t<\/div>","protected":false},"excerpt":{"rendered":"","protected":false},"author":1,"featured_media":0,"parent":0,"menu_order":0,"comment_status":"closed","ping_status":"closed","template":"","meta":{"give_campaign_id":0,"footnotes":""},"class_list":["post-254","page","type-page","status-publish","hentry"],"campaignId":"","_links":{"self":[{"href":"https:\/\/give1project.net\/fr\/wp-json\/wp\/v2\/pages\/254","targetHints":{"allow":["GET"]}}],"collection":[{"href":"https:\/\/give1project.net\/fr\/wp-json\/wp\/v2\/pages"}],"about":[{"href":"https:\/\/give1project.net\/fr\/wp-json\/wp\/v2\/types\/page"}],"author":[{"embeddable":true,"href":"https:\/\/give1project.net\/fr\/wp-json\/wp\/v2\/users\/1"}],"replies":[{"embeddable":true,"href":"https:\/\/give1project.net\/fr\/wp-json\/wp\/v2\/comments?post=254"}],"version-history":[{"count":0,"href":"https:\/\/give1project.net\/fr\/wp-json\/wp\/v2\/pages\/254\/revisions"}],"wp:attachment":[{"href":"https:\/\/give1project.net\/fr\/wp-json\/wp\/v2\/media?parent=254"}],"curies":[{"name":"wp","href":"https:\/\/api.w.org\/{rel}","templated":true}]}}