{"id":4048,"date":"2024-11-17T19:35:16","date_gmt":"2024-11-17T19:35:16","guid":{"rendered":"https:\/\/give1project.net\/?page_id=4048"},"modified":"2024-11-17T19:45:41","modified_gmt":"2024-11-17T19:45:41","slug":"digital-academy-application","status":"publish","type":"page","link":"https:\/\/give1project.net\/fr\/digital-academy-application\/","title":{"rendered":"Candidature \u00e0 l&#039;Acad\u00e9mie num\u00e9rique"},"content":{"rendered":"","protected":false},"excerpt":{"rendered":"","protected":false},"author":1,"featured_media":0,"parent":0,"menu_order":0,"comment_status":"closed","ping_status":"closed","template":"","meta":{"give_campaign_id":0,"footnotes":""},"class_list":["post-4048","page","type-page","status-publish","hentry"],"campaignId":"","_links":{"self":[{"href":"https:\/\/give1project.net\/fr\/wp-json\/wp\/v2\/pages\/4048","targetHints":{"allow":["GET"]}}],"collection":[{"href":"https:\/\/give1project.net\/fr\/wp-json\/wp\/v2\/pages"}],"about":[{"href":"https:\/\/give1project.net\/fr\/wp-json\/wp\/v2\/types\/page"}],"author":[{"embeddable":true,"href":"https:\/\/give1project.net\/fr\/wp-json\/wp\/v2\/users\/1"}],"replies":[{"embeddable":true,"href":"https:\/\/give1project.net\/fr\/wp-json\/wp\/v2\/comments?post=4048"}],"version-history":[{"count":1,"href":"https:\/\/give1project.net\/fr\/wp-json\/wp\/v2\/pages\/4048\/revisions"}],"predecessor-version":[{"id":4049,"href":"https:\/\/give1project.net\/fr\/wp-json\/wp\/v2\/pages\/4048\/revisions\/4049"}],"wp:attachment":[{"href":"https:\/\/give1project.net\/fr\/wp-json\/wp\/v2\/media?parent=4048"}],"curies":[{"name":"wp","href":"https:\/\/api.w.org\/{rel}","templated":true}]}}