{"id":4054,"date":"2024-11-17T20:30:12","date_gmt":"2024-11-17T20:30:12","guid":{"rendered":"https:\/\/give1project.net\/?page_id=4054"},"modified":"2024-11-29T21:47:38","modified_gmt":"2024-11-29T21:47:38","slug":"give1project-digital-skills-academy","status":"publish","type":"page","link":"https:\/\/give1project.net\/fr\/give1project-digital-skills-academy\/","title":{"rendered":"Acad\u00e9mie des comp\u00e9tences num\u00e9riques Give1project"},"content":{"rendered":"","protected":false},"excerpt":{"rendered":"","protected":false},"author":1,"featured_media":0,"parent":0,"menu_order":0,"comment_status":"closed","ping_status":"closed","template":"","meta":{"give_campaign_id":0,"footnotes":""},"class_list":["post-4054","page","type-page","status-publish","hentry"],"campaignId":"","_links":{"self":[{"href":"https:\/\/give1project.net\/fr\/wp-json\/wp\/v2\/pages\/4054","targetHints":{"allow":["GET"]}}],"collection":[{"href":"https:\/\/give1project.net\/fr\/wp-json\/wp\/v2\/pages"}],"about":[{"href":"https:\/\/give1project.net\/fr\/wp-json\/wp\/v2\/types\/page"}],"author":[{"embeddable":true,"href":"https:\/\/give1project.net\/fr\/wp-json\/wp\/v2\/users\/1"}],"replies":[{"embeddable":true,"href":"https:\/\/give1project.net\/fr\/wp-json\/wp\/v2\/comments?post=4054"}],"version-history":[{"count":1,"href":"https:\/\/give1project.net\/fr\/wp-json\/wp\/v2\/pages\/4054\/revisions"}],"predecessor-version":[{"id":4058,"href":"https:\/\/give1project.net\/fr\/wp-json\/wp\/v2\/pages\/4054\/revisions\/4058"}],"wp:attachment":[{"href":"https:\/\/give1project.net\/fr\/wp-json\/wp\/v2\/media?parent=4054"}],"curies":[{"name":"wp","href":"https:\/\/api.w.org\/{rel}","templated":true}]}}