{"id":3802,"date":"2024-11-04T13:16:09","date_gmt":"2024-11-04T13:16:09","guid":{"rendered":"https:\/\/give1project.net\/?post_type=product&#038;p=3802"},"modified":"2024-11-05T00:12:21","modified_gmt":"2024-11-05T00:12:21","slug":"give1project-annual-global-leadership-program","status":"publish","type":"product","link":"https:\/\/give1project.net\/fr\/produit\/give1project-annual-global-leadership-program\/","title":{"rendered":"Programme annuel de leadership mondial Give1Project"},"content":{"rendered":"","protected":false},"excerpt":{"rendered":"<ul>\n<li>Participation \u00e0 toutes les s\u00e9ances et ateliers<\/li>\n<li>Acc\u00e8s aux activit\u00e9s de r\u00e9seautage<\/li>\n<li>D\u00eener de bienvenue offert par GLP<\/li>\n<li>Visites de sites culturels et historiques (gratuit)<\/li>\n<li>Masterclass et s\u00e9ances de mentorat avec des experts<\/li>\n<\/ul>","protected":false},"featured_media":3803,"template":"","meta":{"give_campaign_id":0},"product_brand":[],"product_cat":[24],"product_tag":[],"class_list":{"0":"post-3802","1":"product","2":"type-product","3":"status-publish","4":"has-post-thumbnail","6":"product_cat-tickets","8":"first","9":"instock","10":"virtual","11":"purchasable","12":"product-type-simple"},"_links":{"self":[{"href":"https:\/\/give1project.net\/fr\/wp-json\/wp\/v2\/product\/3802","targetHints":{"allow":["GET"]}}],"collection":[{"href":"https:\/\/give1project.net\/fr\/wp-json\/wp\/v2\/product"}],"about":[{"href":"https:\/\/give1project.net\/fr\/wp-json\/wp\/v2\/types\/product"}],"wp:featuredmedia":[{"embeddable":true,"href":"https:\/\/give1project.net\/fr\/wp-json\/wp\/v2\/media\/3803"}],"wp:attachment":[{"href":"https:\/\/give1project.net\/fr\/wp-json\/wp\/v2\/media?parent=3802"}],"wp:term":[{"taxonomy":"product_brand","embeddable":true,"href":"https:\/\/give1project.net\/fr\/wp-json\/wp\/v2\/product_brand?post=3802"},{"taxonomy":"product_cat","embeddable":true,"href":"https:\/\/give1project.net\/fr\/wp-json\/wp\/v2\/product_cat?post=3802"},{"taxonomy":"product_tag","embeddable":true,"href":"https:\/\/give1project.net\/fr\/wp-json\/wp\/v2\/product_tag?post=3802"}],"curies":[{"name":"wp","href":"https:\/\/api.w.org\/{rel}","templated":true}]}}